{"id":58,"date":"2025-02-07T16:32:48","date_gmt":"2025-02-07T15:32:48","guid":{"rendered":"https:\/\/qpilardana.com\/mi-cuenta\/"},"modified":"2025-05-15T07:46:21","modified_gmt":"2025-05-15T05:46:21","slug":"mi-cuenta","status":"publish","type":"page","link":"https:\/\/qpilardana.com\/ca\/mi-cuenta\/","title":{"rendered":"Mi cuenta"},"content":{"rendered":"<div data-elementor-type=\"wp-page\" data-elementor-id=\"58\" class=\"elementor elementor-58\" data-elementor-post-type=\"page\">\n\t\t\t\t\t\t<section class=\"elementor-section elementor-top-section elementor-element elementor-element-13d9a99 elementor-section-boxed elementor-section-height-default elementor-section-height-default\" data-id=\"13d9a99\" data-element_type=\"section\" data-e-type=\"section\" data-settings=\"{&quot;background_background&quot;:&quot;classic&quot;}\">\n\t\t\t\t\t\t\t<div class=\"elementor-background-overlay\"><\/div>\n\t\t\t\t\t\t\t<div class=\"elementor-container elementor-column-gap-default\">\n\t\t\t\t\t<div class=\"elementor-column elementor-col-100 elementor-top-column elementor-element elementor-element-cd7b090\" data-id=\"cd7b090\" data-element_type=\"column\" data-e-type=\"column\">\n\t\t\t<div class=\"elementor-widget-wrap elementor-element-populated\">\n\t\t\t\t\t\t<div class=\"elementor-element elementor-element-add804e elementor-widget elementor-widget-heading\" data-id=\"add804e\" data-element_type=\"widget\" data-e-type=\"widget\" data-widget_type=\"heading.default\">\n\t\t\t\t<div class=\"elementor-widget-container\">\n\t\t\t\t\t<h2 class=\"elementor-heading-title elementor-size-default\">Mi cuenta<\/h2>\t\t\t\t<\/div>\n\t\t\t\t<\/div>\n\t\t\t\t\t<\/div>\n\t\t<\/div>\n\t\t\t\t\t<\/div>\n\t\t<\/section>\n\t\t<div class=\"elementor-element elementor-element-4df5742d e-flex e-con-boxed e-con e-parent\" data-id=\"4df5742d\" data-element_type=\"container\" data-e-type=\"container\">\n\t\t\t\t\t<div class=\"e-con-inner\">\n\t\t\t\t<div class=\"elementor-element elementor-element-8ae82cd e-my-account-tabs-horizontal elementor-widget elementor-widget-woocommerce-my-account\" data-id=\"8ae82cd\" data-element_type=\"widget\" data-e-type=\"widget\" data-widget_type=\"woocommerce-my-account.default\">\n\t\t\t\t<div class=\"elementor-widget-container\">\n\t\t\t\t\t<div class=\"e-my-account-tab e-my-account-tab__\">\t\t\t<div class=\"woocommerce\"><div class=\"woocommerce-notices-wrapper\"><\/div>\n\n\t\t<h2 data-no-translation=\"\" data-trp-gettext=\"\">Inicia una sessi\u00f3<\/h2>\n\n\t\t<form class=\"woocommerce-form woocommerce-form-login login\" method=\"post\" novalidate action=\"\">\n\n\t\t\t\n\t\t\t<p class=\"woocommerce-form-row woocommerce-form-row--wide form-row form-row-wide\">\n\t\t\t\t<label for=\"username\">Nom d&#039;usuari o adre\u00e7a electr\u00f2nica&nbsp;<span class=\"required\" aria-hidden=\"true\">*<\/span><span class=\"screen-reader-text\" data-no-translation=\"\" data-trp-gettext=\"\">Obligatori<\/span><\/label>\n\t\t\t\t<input type=\"text\" class=\"woocommerce-Input woocommerce-Input--text input-text\" name=\"username\" id=\"username\" autocomplete=\"username\" value=\"\" required aria-required=\"true\" \/>\t\t\t<\/p>\n\t\t\t<p class=\"woocommerce-form-row woocommerce-form-row--wide form-row form-row-wide\">\n\t\t\t\t<label for=\"password\">Contrasenya&nbsp;<span class=\"required\" aria-hidden=\"true\">*<\/span><span class=\"screen-reader-text\" data-no-translation=\"\" data-trp-gettext=\"\">Obligatori<\/span><\/label>\n\t\t\t\t<input class=\"woocommerce-Input woocommerce-Input--text input-text\" type=\"password\" name=\"password\" id=\"password\" autocomplete=\"current-password\" required aria-required=\"true\" \/>\n\t\t\t<\/p>\n\n\t\t\t\n\t\t\t<p class=\"form-row\">\n\t\t\t\t<label class=\"woocommerce-form__label woocommerce-form__label-for-checkbox woocommerce-form-login__rememberme\">\n\t\t\t\t\t<input class=\"woocommerce-form__input woocommerce-form__input-checkbox\" name=\"rememberme\" type=\"checkbox\" id=\"rememberme\" value=\"forever\" \/> <span data-no-translation=\"\" data-trp-gettext=\"\">Recorda&#039;m<\/span>\n\t\t\t\t<\/label>\n\t\t\t\t<input type=\"hidden\" id=\"woocommerce-login-nonce\" name=\"woocommerce-login-nonce\" value=\"74ad5eb6f5\" \/><input type=\"hidden\" name=\"_wp_http_referer\" value=\"\/ca\/wp-json\/wp\/v2\/pages\/58\" \/>\t\t\t\t<button type=\"submit\" class=\"woocommerce-button button woocommerce-form-login__submit\" name=\"login\" value=\"Entra\" data-no-translation=\"\" data-trp-gettext=\"\" data-no-translation-value=\"\">Entra<\/button>\n\t\t\t<\/p>\n\t\t\t<p class=\"woocommerce-LostPassword lost_password\">\n\t\t\t\t<a href=\"https:\/\/qpilardana.com\/ca\/mi-cuenta\/lost-password\/\" data-no-translation=\"\" data-trp-gettext=\"\">Heu perdut la vostra contrasenya?<\/a>\n\t\t\t<\/p>\n\n\t\t\t\n\t\t<input type=\"hidden\" name=\"trp-form-language\" value=\"ca\"\/><\/form>\n\n\n<\/div>\t\t<\/div>\n\t\t\t\t\t\t<\/div>\n\t\t\t\t<\/div>\n\t\t\t\t\t<\/div>\n\t\t\t\t<\/div>\n\t\t\t\t<\/div>","protected":false},"excerpt":{"rendered":"<p>Escritorio Pedidos Descargas Direcciones Detalles de la cuenta Cerrar sesi\u00f3n Escritorio Pedidos Descargas Direcciones Detalles de la cuenta Cerrar sesi\u00f3n Escritorio Pedidos Descargas Direcciones Detalles de la cuenta Cerrar sesi\u00f3n Escritorio Pedidos Descargas Direcciones Detalles de la cuenta Cerrar sesi\u00f3n Hola manueldelao (\u00bfno eres manueldelao? Cerrar sesi\u00f3n) Desde el escritorio de tu cuenta puedes ver [&hellip;]<\/p>\n","protected":false},"author":1,"featured_media":0,"parent":0,"menu_order":0,"comment_status":"closed","ping_status":"closed","template":"","meta":{"_joinchat":[],"footnotes":""},"class_list":["post-58","page","type-page","status-publish","hentry"],"yoast_head":"<!-- This site is optimized with the Yoast SEO plugin v27.6 - https:\/\/yoast.com\/product\/yoast-seo-wordpress\/ -->\n<title>Mi cuenta - Q&#039;Pilar D&#039;Ana<\/title>\n<meta name=\"robots\" content=\"index, follow, max-snippet:-1, max-image-preview:large, max-video-preview:-1\" \/>\n<link rel=\"canonical\" href=\"https:\/\/qpilardana.com\/ca\/mi-cuenta\/\" \/>\n<meta property=\"og:locale\" content=\"ca_ES\" \/>\n<meta property=\"og:type\" content=\"article\" \/>\n<meta property=\"og:title\" content=\"Mi cuenta - Q&#039;Pilar D&#039;Ana\" \/>\n<meta property=\"og:description\" content=\"Escritorio Pedidos Descargas Direcciones Detalles de la cuenta Cerrar sesi\u00f3n Escritorio Pedidos Descargas Direcciones Detalles de la cuenta Cerrar sesi\u00f3n Escritorio Pedidos Descargas Direcciones Detalles de la cuenta Cerrar sesi\u00f3n Escritorio Pedidos Descargas Direcciones Detalles de la cuenta Cerrar sesi\u00f3n Hola manueldelao (\u00bfno eres manueldelao? Cerrar sesi\u00f3n) Desde el escritorio de tu cuenta puedes ver [&hellip;]\" \/>\n<meta property=\"og:url\" content=\"https:\/\/qpilardana.com\/ca\/mi-cuenta\/\" \/>\n<meta property=\"og:site_name\" content=\"Q&#039;Pilar D&#039;Ana\" \/>\n<meta property=\"article:modified_time\" content=\"2025-05-15T05:46:21+00:00\" \/>\n<meta name=\"twitter:card\" content=\"summary_large_image\" \/>\n<script type=\"application\/ld+json\" class=\"yoast-schema-graph\">{\"@context\":\"https:\\\/\\\/schema.org\",\"@graph\":[{\"@type\":\"WebPage\",\"@id\":\"https:\\\/\\\/qpilardana.com\\\/mi-cuenta\\\/\",\"url\":\"https:\\\/\\\/qpilardana.com\\\/mi-cuenta\\\/\",\"name\":\"Mi cuenta - Q&#039;Pilar D&#039;Ana\",\"isPartOf\":{\"@id\":\"https:\\\/\\\/qpilardana.com\\\/#website\"},\"datePublished\":\"2025-02-07T15:32:48+00:00\",\"dateModified\":\"2025-05-15T05:46:21+00:00\",\"breadcrumb\":{\"@id\":\"https:\\\/\\\/qpilardana.com\\\/mi-cuenta\\\/#breadcrumb\"},\"inLanguage\":\"ca\",\"potentialAction\":[{\"@type\":\"ReadAction\",\"target\":[\"https:\\\/\\\/qpilardana.com\\\/mi-cuenta\\\/\"]}]},{\"@type\":\"BreadcrumbList\",\"@id\":\"https:\\\/\\\/qpilardana.com\\\/mi-cuenta\\\/#breadcrumb\",\"itemListElement\":[{\"@type\":\"ListItem\",\"position\":1,\"name\":\"Portada\",\"item\":\"https:\\\/\\\/qpilardana.com\\\/\"},{\"@type\":\"ListItem\",\"position\":2,\"name\":\"Mi cuenta\"}]},{\"@type\":\"WebSite\",\"@id\":\"https:\\\/\\\/qpilardana.com\\\/#website\",\"url\":\"https:\\\/\\\/qpilardana.com\\\/\",\"name\":\"Q&#039;Pilar D&#039;Ana\",\"description\":\"\",\"publisher\":{\"@id\":\"https:\\\/\\\/qpilardana.com\\\/#organization\"},\"potentialAction\":[{\"@type\":\"SearchAction\",\"target\":{\"@type\":\"EntryPoint\",\"urlTemplate\":\"https:\\\/\\\/qpilardana.com\\\/?s={search_term_string}\"},\"query-input\":{\"@type\":\"PropertyValueSpecification\",\"valueRequired\":true,\"valueName\":\"search_term_string\"}}],\"inLanguage\":\"ca\"},{\"@type\":\"Organization\",\"@id\":\"https:\\\/\\\/qpilardana.com\\\/#organization\",\"name\":\"Q&#039;Pilar D&#039;Ana\",\"url\":\"https:\\\/\\\/qpilardana.com\\\/\",\"logo\":{\"@type\":\"ImageObject\",\"inLanguage\":\"ca\",\"@id\":\"https:\\\/\\\/qpilardana.com\\\/#\\\/schema\\\/logo\\\/image\\\/\",\"url\":\"https:\\\/\\\/qpilardana.com\\\/wp-content\\\/uploads\\\/2025\\\/02\\\/logo-cuadrado.png\",\"contentUrl\":\"https:\\\/\\\/qpilardana.com\\\/wp-content\\\/uploads\\\/2025\\\/02\\\/logo-cuadrado.png\",\"width\":1080,\"height\":1080,\"caption\":\"Q&#039;Pilar D&#039;Ana\"},\"image\":{\"@id\":\"https:\\\/\\\/qpilardana.com\\\/#\\\/schema\\\/logo\\\/image\\\/\"}}]}<\/script>\n<!-- \/ Yoast SEO plugin. -->","yoast_head_json":{"title":"Mi cuenta - Q&#039;Pilar D&#039;Ana","robots":{"index":"index","follow":"follow","max-snippet":"max-snippet:-1","max-image-preview":"max-image-preview:large","max-video-preview":"max-video-preview:-1"},"canonical":"https:\/\/qpilardana.com\/ca\/mi-cuenta\/","og_locale":"ca_ES","og_type":"article","og_title":"Mi cuenta - Q&#039;Pilar D&#039;Ana","og_description":"Escritorio Pedidos Descargas Direcciones Detalles de la cuenta Cerrar sesi\u00f3n Escritorio Pedidos Descargas Direcciones Detalles de la cuenta Cerrar sesi\u00f3n Escritorio Pedidos Descargas Direcciones Detalles de la cuenta Cerrar sesi\u00f3n Escritorio Pedidos Descargas Direcciones Detalles de la cuenta Cerrar sesi\u00f3n Hola manueldelao (\u00bfno eres manueldelao? Cerrar sesi\u00f3n) Desde el escritorio de tu cuenta puedes ver [&hellip;]","og_url":"https:\/\/qpilardana.com\/ca\/mi-cuenta\/","og_site_name":"Q&#039;Pilar D&#039;Ana","article_modified_time":"2025-05-15T05:46:21+00:00","twitter_card":"summary_large_image","schema":{"@context":"https:\/\/schema.org","@graph":[{"@type":"WebPage","@id":"https:\/\/qpilardana.com\/mi-cuenta\/","url":"https:\/\/qpilardana.com\/mi-cuenta\/","name":"Mi cuenta - Q&#039;Pilar D&#039;Ana","isPartOf":{"@id":"https:\/\/qpilardana.com\/#website"},"datePublished":"2025-02-07T15:32:48+00:00","dateModified":"2025-05-15T05:46:21+00:00","breadcrumb":{"@id":"https:\/\/qpilardana.com\/mi-cuenta\/#breadcrumb"},"inLanguage":"ca","potentialAction":[{"@type":"ReadAction","target":["https:\/\/qpilardana.com\/mi-cuenta\/"]}]},{"@type":"BreadcrumbList","@id":"https:\/\/qpilardana.com\/mi-cuenta\/#breadcrumb","itemListElement":[{"@type":"ListItem","position":1,"name":"Portada","item":"https:\/\/qpilardana.com\/"},{"@type":"ListItem","position":2,"name":"Mi cuenta"}]},{"@type":"WebSite","@id":"https:\/\/qpilardana.com\/#website","url":"https:\/\/qpilardana.com\/","name":"Q&#039;Pilar D&#039;Ana","description":"","publisher":{"@id":"https:\/\/qpilardana.com\/#organization"},"potentialAction":[{"@type":"SearchAction","target":{"@type":"EntryPoint","urlTemplate":"https:\/\/qpilardana.com\/?s={search_term_string}"},"query-input":{"@type":"PropertyValueSpecification","valueRequired":true,"valueName":"search_term_string"}}],"inLanguage":"ca"},{"@type":"Organization","@id":"https:\/\/qpilardana.com\/#organization","name":"Q&#039;Pilar D&#039;Ana","url":"https:\/\/qpilardana.com\/","logo":{"@type":"ImageObject","inLanguage":"ca","@id":"https:\/\/qpilardana.com\/#\/schema\/logo\/image\/","url":"https:\/\/qpilardana.com\/wp-content\/uploads\/2025\/02\/logo-cuadrado.png","contentUrl":"https:\/\/qpilardana.com\/wp-content\/uploads\/2025\/02\/logo-cuadrado.png","width":1080,"height":1080,"caption":"Q&#039;Pilar D&#039;Ana"},"image":{"@id":"https:\/\/qpilardana.com\/#\/schema\/logo\/image\/"}}]}},"_links":{"self":[{"href":"https:\/\/qpilardana.com\/ca\/wp-json\/wp\/v2\/pages\/58","targetHints":{"allow":["GET"]}}],"collection":[{"href":"https:\/\/qpilardana.com\/ca\/wp-json\/wp\/v2\/pages"}],"about":[{"href":"https:\/\/qpilardana.com\/ca\/wp-json\/wp\/v2\/types\/page"}],"author":[{"embeddable":true,"href":"https:\/\/qpilardana.com\/ca\/wp-json\/wp\/v2\/users\/1"}],"replies":[{"embeddable":true,"href":"https:\/\/qpilardana.com\/ca\/wp-json\/wp\/v2\/comments?post=58"}],"version-history":[{"count":6,"href":"https:\/\/qpilardana.com\/ca\/wp-json\/wp\/v2\/pages\/58\/revisions"}],"predecessor-version":[{"id":1046,"href":"https:\/\/qpilardana.com\/ca\/wp-json\/wp\/v2\/pages\/58\/revisions\/1046"}],"wp:attachment":[{"href":"https:\/\/qpilardana.com\/ca\/wp-json\/wp\/v2\/media?parent=58"}],"curies":[{"name":"wp","href":"https:\/\/api.w.org\/{rel}","templated":true}]}}