{"id":1262,"date":"2025-08-05T17:15:41","date_gmt":"2025-08-05T15:15:41","guid":{"rendered":"https:\/\/qpilardana.com\/producto\/pabellon-criollo-venezolano-2\/"},"modified":"2026-01-17T21:05:53","modified_gmt":"2026-01-17T20:05:53","slug":"pabellon-criollo-venezolano-2","status":"publish","type":"product","link":"https:\/\/qpilardana.com\/ca\/producte\/pabellon-criollo-venezolano-2\/","title":{"rendered":"Pabell\u00f3n Criollo Venezolano"},"content":{"rendered":"<p>Plato nacional de Venezuela que combina arroz blanco, carne mechada de res, caraotas negras, tajadas de pl\u00e1tano maduro frito, aguacate y queso venezolano. Una explosi\u00f3n de sabores y colores que representa la diversidad cultural del pa\u00eds.<\/p>","protected":false},"excerpt":{"rendered":"<p>Plato nacional de Venezuela que combina arroz blanco, carne mechada de res, caraotas negras, tajadas de pl\u00e1tano maduro frito, aguacate y queso venezolano. Una explosi\u00f3n de sabores y colores que representa la diversidad cultural del pa\u00eds.<\/p>","protected":false},"featured_media":923,"comment_status":"open","ping_status":"closed","template":"","meta":{"_joinchat":[]},"product_brand":[],"product_cat":[25,49],"product_tag":[],"class_list":{"0":"post-1262","1":"product","2":"type-product","3":"status-publish","4":"has-post-thumbnail","6":"product_cat-comida-venezolana","7":"product_cat-platos-combinados-con-sabor-venezolano","9":"first","10":"instock","11":"shipping-taxable","12":"purchasable","13":"product-type-simple"},"yoast_head":"<!-- This site is optimized with the Yoast SEO plugin v27.6 - https:\/\/yoast.com\/product\/yoast-seo-wordpress\/ -->\n<title>Pabell\u00f3n Criollo Venezolano - Q&#039;Pilar D&#039;Ana<\/title>\n<meta name=\"robots\" content=\"index, follow, max-snippet:-1, max-image-preview:large, max-video-preview:-1\" \/>\n<link rel=\"canonical\" href=\"https:\/\/qpilardana.com\/ca\/producte\/pabellon-criollo-venezolano-2\/\" \/>\n<meta property=\"og:locale\" content=\"ca_ES\" \/>\n<meta property=\"og:type\" content=\"article\" \/>\n<meta property=\"og:title\" content=\"Pabell\u00f3n Criollo Venezolano - Q&#039;Pilar D&#039;Ana\" \/>\n<meta property=\"og:description\" content=\"Plato nacional de Venezuela que combina arroz blanco, carne mechada de res, caraotas negras, tajadas de pl\u00e1tano maduro frito, aguacate y queso venezolano. Una explosi\u00f3n de sabores y colores que representa la diversidad cultural del pa\u00eds.\" \/>\n<meta property=\"og:url\" content=\"https:\/\/qpilardana.com\/ca\/producte\/pabellon-criollo-venezolano-2\/\" \/>\n<meta property=\"og:site_name\" content=\"Q&#039;Pilar D&#039;Ana\" \/>\n<meta property=\"article:modified_time\" content=\"2026-01-17T20:05:53+00:00\" \/>\n<meta property=\"og:image\" content=\"https:\/\/qpilardana.com\/wp-content\/uploads\/2025\/04\/Imagen-de-WhatsApp-2024-07-01-a-las-17.33.27_d1428733-e1744353537695.jpg\" \/>\n\t<meta property=\"og:image:width\" content=\"1536\" \/>\n\t<meta property=\"og:image:height\" content=\"1154\" \/>\n\t<meta property=\"og:image:type\" content=\"image\/jpeg\" \/>\n<meta name=\"twitter:card\" content=\"summary_large_image\" \/>\n<meta name=\"twitter:label1\" content=\"Temps estimat de lectura\" \/>\n\t<meta name=\"twitter:data1\" content=\"1 minut\" \/>\n<script type=\"application\/ld+json\" class=\"yoast-schema-graph\">{\"@context\":\"https:\\\/\\\/schema.org\",\"@graph\":[{\"@type\":\"WebPage\",\"@id\":\"https:\\\/\\\/qpilardana.com\\\/producto\\\/pabellon-criollo-venezolano-2\\\/\",\"url\":\"https:\\\/\\\/qpilardana.com\\\/producto\\\/pabellon-criollo-venezolano-2\\\/\",\"name\":\"Pabell\u00f3n Criollo Venezolano - Q&#039;Pilar D&#039;Ana\",\"isPartOf\":{\"@id\":\"https:\\\/\\\/qpilardana.com\\\/#website\"},\"primaryImageOfPage\":{\"@id\":\"https:\\\/\\\/qpilardana.com\\\/producto\\\/pabellon-criollo-venezolano-2\\\/#primaryimage\"},\"image\":{\"@id\":\"https:\\\/\\\/qpilardana.com\\\/producto\\\/pabellon-criollo-venezolano-2\\\/#primaryimage\"},\"thumbnailUrl\":\"https:\\\/\\\/qpilardana.com\\\/wp-content\\\/uploads\\\/2025\\\/04\\\/Imagen-de-WhatsApp-2024-07-01-a-las-17.33.27_d1428733-e1744353537695.jpg\",\"datePublished\":\"2025-08-05T15:15:41+00:00\",\"dateModified\":\"2026-01-17T20:05:53+00:00\",\"breadcrumb\":{\"@id\":\"https:\\\/\\\/qpilardana.com\\\/producto\\\/pabellon-criollo-venezolano-2\\\/#breadcrumb\"},\"inLanguage\":\"ca\",\"potentialAction\":[{\"@type\":\"ReadAction\",\"target\":[\"https:\\\/\\\/qpilardana.com\\\/producto\\\/pabellon-criollo-venezolano-2\\\/\"]}]},{\"@type\":\"ImageObject\",\"inLanguage\":\"ca\",\"@id\":\"https:\\\/\\\/qpilardana.com\\\/producto\\\/pabellon-criollo-venezolano-2\\\/#primaryimage\",\"url\":\"https:\\\/\\\/qpilardana.com\\\/wp-content\\\/uploads\\\/2025\\\/04\\\/Imagen-de-WhatsApp-2024-07-01-a-las-17.33.27_d1428733-e1744353537695.jpg\",\"contentUrl\":\"https:\\\/\\\/qpilardana.com\\\/wp-content\\\/uploads\\\/2025\\\/04\\\/Imagen-de-WhatsApp-2024-07-01-a-las-17.33.27_d1428733-e1744353537695.jpg\",\"width\":1536,\"height\":1154},{\"@type\":\"BreadcrumbList\",\"@id\":\"https:\\\/\\\/qpilardana.com\\\/producto\\\/pabellon-criollo-venezolano-2\\\/#breadcrumb\",\"itemListElement\":[{\"@type\":\"ListItem\",\"position\":1,\"name\":\"Portada\",\"item\":\"https:\\\/\\\/qpilardana.com\\\/\"},{\"@type\":\"ListItem\",\"position\":2,\"name\":\"Tienda\",\"item\":\"https:\\\/\\\/qpilardana.com\\\/tienda\\\/\"},{\"@type\":\"ListItem\",\"position\":3,\"name\":\"Pabell\u00f3n Criollo Venezolano\"}]},{\"@type\":\"WebSite\",\"@id\":\"https:\\\/\\\/qpilardana.com\\\/#website\",\"url\":\"https:\\\/\\\/qpilardana.com\\\/\",\"name\":\"Q&#039;Pilar D&#039;Ana\",\"description\":\"\",\"publisher\":{\"@id\":\"https:\\\/\\\/qpilardana.com\\\/#organization\"},\"potentialAction\":[{\"@type\":\"SearchAction\",\"target\":{\"@type\":\"EntryPoint\",\"urlTemplate\":\"https:\\\/\\\/qpilardana.com\\\/?s={search_term_string}\"},\"query-input\":{\"@type\":\"PropertyValueSpecification\",\"valueRequired\":true,\"valueName\":\"search_term_string\"}}],\"inLanguage\":\"ca\"},{\"@type\":\"Organization\",\"@id\":\"https:\\\/\\\/qpilardana.com\\\/#organization\",\"name\":\"Q&#039;Pilar D&#039;Ana\",\"url\":\"https:\\\/\\\/qpilardana.com\\\/\",\"logo\":{\"@type\":\"ImageObject\",\"inLanguage\":\"ca\",\"@id\":\"https:\\\/\\\/qpilardana.com\\\/#\\\/schema\\\/logo\\\/image\\\/\",\"url\":\"https:\\\/\\\/qpilardana.com\\\/wp-content\\\/uploads\\\/2025\\\/02\\\/logo-cuadrado.png\",\"contentUrl\":\"https:\\\/\\\/qpilardana.com\\\/wp-content\\\/uploads\\\/2025\\\/02\\\/logo-cuadrado.png\",\"width\":1080,\"height\":1080,\"caption\":\"Q&#039;Pilar D&#039;Ana\"},\"image\":{\"@id\":\"https:\\\/\\\/qpilardana.com\\\/#\\\/schema\\\/logo\\\/image\\\/\"}}]}<\/script>\n<!-- \/ Yoast SEO plugin. -->","yoast_head_json":{"title":"Pabell\u00f3n Criollo Venezolano - Q&#039;Pilar D&#039;Ana","robots":{"index":"index","follow":"follow","max-snippet":"max-snippet:-1","max-image-preview":"max-image-preview:large","max-video-preview":"max-video-preview:-1"},"canonical":"https:\/\/qpilardana.com\/ca\/producte\/pabellon-criollo-venezolano-2\/","og_locale":"ca_ES","og_type":"article","og_title":"Pabell\u00f3n Criollo Venezolano - Q&#039;Pilar D&#039;Ana","og_description":"Plato nacional de Venezuela que combina arroz blanco, carne mechada de res, caraotas negras, tajadas de pl\u00e1tano maduro frito, aguacate y queso venezolano. Una explosi\u00f3n de sabores y colores que representa la diversidad cultural del pa\u00eds.","og_url":"https:\/\/qpilardana.com\/ca\/producte\/pabellon-criollo-venezolano-2\/","og_site_name":"Q&#039;Pilar D&#039;Ana","article_modified_time":"2026-01-17T20:05:53+00:00","og_image":[{"width":1536,"height":1154,"url":"https:\/\/qpilardana.com\/wp-content\/uploads\/2025\/04\/Imagen-de-WhatsApp-2024-07-01-a-las-17.33.27_d1428733-e1744353537695.jpg","type":"image\/jpeg"}],"twitter_card":"summary_large_image","twitter_misc":{"Temps estimat de lectura":"1 minut"},"schema":{"@context":"https:\/\/schema.org","@graph":[{"@type":"WebPage","@id":"https:\/\/qpilardana.com\/producto\/pabellon-criollo-venezolano-2\/","url":"https:\/\/qpilardana.com\/producto\/pabellon-criollo-venezolano-2\/","name":"Pabell\u00f3n Criollo Venezolano - Q&#039;Pilar D&#039;Ana","isPartOf":{"@id":"https:\/\/qpilardana.com\/#website"},"primaryImageOfPage":{"@id":"https:\/\/qpilardana.com\/producto\/pabellon-criollo-venezolano-2\/#primaryimage"},"image":{"@id":"https:\/\/qpilardana.com\/producto\/pabellon-criollo-venezolano-2\/#primaryimage"},"thumbnailUrl":"https:\/\/qpilardana.com\/wp-content\/uploads\/2025\/04\/Imagen-de-WhatsApp-2024-07-01-a-las-17.33.27_d1428733-e1744353537695.jpg","datePublished":"2025-08-05T15:15:41+00:00","dateModified":"2026-01-17T20:05:53+00:00","breadcrumb":{"@id":"https:\/\/qpilardana.com\/producto\/pabellon-criollo-venezolano-2\/#breadcrumb"},"inLanguage":"ca","potentialAction":[{"@type":"ReadAction","target":["https:\/\/qpilardana.com\/producto\/pabellon-criollo-venezolano-2\/"]}]},{"@type":"ImageObject","inLanguage":"ca","@id":"https:\/\/qpilardana.com\/producto\/pabellon-criollo-venezolano-2\/#primaryimage","url":"https:\/\/qpilardana.com\/wp-content\/uploads\/2025\/04\/Imagen-de-WhatsApp-2024-07-01-a-las-17.33.27_d1428733-e1744353537695.jpg","contentUrl":"https:\/\/qpilardana.com\/wp-content\/uploads\/2025\/04\/Imagen-de-WhatsApp-2024-07-01-a-las-17.33.27_d1428733-e1744353537695.jpg","width":1536,"height":1154},{"@type":"BreadcrumbList","@id":"https:\/\/qpilardana.com\/producto\/pabellon-criollo-venezolano-2\/#breadcrumb","itemListElement":[{"@type":"ListItem","position":1,"name":"Portada","item":"https:\/\/qpilardana.com\/"},{"@type":"ListItem","position":2,"name":"Tienda","item":"https:\/\/qpilardana.com\/tienda\/"},{"@type":"ListItem","position":3,"name":"Pabell\u00f3n Criollo Venezolano"}]},{"@type":"WebSite","@id":"https:\/\/qpilardana.com\/#website","url":"https:\/\/qpilardana.com\/","name":"Q&#039;Pilar D&#039;Ana","description":"","publisher":{"@id":"https:\/\/qpilardana.com\/#organization"},"potentialAction":[{"@type":"SearchAction","target":{"@type":"EntryPoint","urlTemplate":"https:\/\/qpilardana.com\/?s={search_term_string}"},"query-input":{"@type":"PropertyValueSpecification","valueRequired":true,"valueName":"search_term_string"}}],"inLanguage":"ca"},{"@type":"Organization","@id":"https:\/\/qpilardana.com\/#organization","name":"Q&#039;Pilar D&#039;Ana","url":"https:\/\/qpilardana.com\/","logo":{"@type":"ImageObject","inLanguage":"ca","@id":"https:\/\/qpilardana.com\/#\/schema\/logo\/image\/","url":"https:\/\/qpilardana.com\/wp-content\/uploads\/2025\/02\/logo-cuadrado.png","contentUrl":"https:\/\/qpilardana.com\/wp-content\/uploads\/2025\/02\/logo-cuadrado.png","width":1080,"height":1080,"caption":"Q&#039;Pilar D&#039;Ana"},"image":{"@id":"https:\/\/qpilardana.com\/#\/schema\/logo\/image\/"}}]}},"_links":{"self":[{"href":"https:\/\/qpilardana.com\/ca\/wp-json\/wp\/v2\/product\/1262","targetHints":{"allow":["GET"]}}],"collection":[{"href":"https:\/\/qpilardana.com\/ca\/wp-json\/wp\/v2\/product"}],"about":[{"href":"https:\/\/qpilardana.com\/ca\/wp-json\/wp\/v2\/types\/product"}],"replies":[{"embeddable":true,"href":"https:\/\/qpilardana.com\/ca\/wp-json\/wp\/v2\/comments?post=1262"}],"wp:featuredmedia":[{"embeddable":true,"href":"https:\/\/qpilardana.com\/ca\/wp-json\/wp\/v2\/media\/923"}],"wp:attachment":[{"href":"https:\/\/qpilardana.com\/ca\/wp-json\/wp\/v2\/media?parent=1262"}],"wp:term":[{"taxonomy":"product_brand","embeddable":true,"href":"https:\/\/qpilardana.com\/ca\/wp-json\/wp\/v2\/product_brand?post=1262"},{"taxonomy":"product_cat","embeddable":true,"href":"https:\/\/qpilardana.com\/ca\/wp-json\/wp\/v2\/product_cat?post=1262"},{"taxonomy":"product_tag","embeddable":true,"href":"https:\/\/qpilardana.com\/ca\/wp-json\/wp\/v2\/product_tag?post=1262"}],"curies":[{"name":"wp","href":"https:\/\/api.w.org\/{rel}","templated":true}]}}