{"id":200,"date":"2025-02-07T17:45:36","date_gmt":"2025-02-07T16:45:36","guid":{"rendered":"https:\/\/qpilardana.com\/?post_type=product&#038;p=200"},"modified":"2026-01-20T00:45:40","modified_gmt":"2026-01-19T23:45:40","slug":"arepas","status":"publish","type":"product","link":"https:\/\/qpilardana.com\/ca\/producte\/arepas\/","title":{"rendered":"Arepas Venezolana Frita (Sin Gluten)"},"content":{"rendered":"","protected":false},"excerpt":{"rendered":"<p>Aut\u00e9ntica arepa venezolana, elaborada con masa de ma\u00edz precocida, es un disco dorado de masa de ma\u00edz cocida hasta lograr la textura crujiente por fuera y suave por dentro.<\/p>\n<p>Sus rellenos con ingredientes tradicionales e innovadores que muestran\u00a0 historia y emociones del ser venezolano y despliegan las ra\u00edces multiculturales de la gastronom\u00eda de Venezuela.<\/p>","protected":false},"featured_media":1051,"comment_status":"open","ping_status":"closed","template":"","meta":{"_joinchat":[]},"product_brand":[],"product_cat":[31,25],"product_tag":[],"class_list":{"0":"post-200","1":"product","2":"type-product","3":"status-publish","4":"has-post-thumbnail","6":"product_cat-arepas","7":"product_cat-comida-venezolana","9":"first","10":"instock","11":"shipping-taxable","12":"purchasable","13":"product-type-variable"},"yoast_head":"<!-- This site is optimized with the Yoast SEO plugin v27.3 - https:\/\/yoast.com\/product\/yoast-seo-wordpress\/ -->\n<title>Arepas Venezolana Frita (Sin Gluten) - Q&#039;Pilar D&#039;Ana<\/title>\n<meta name=\"robots\" content=\"index, follow, max-snippet:-1, max-image-preview:large, max-video-preview:-1\" \/>\n<link rel=\"canonical\" href=\"https:\/\/qpilardana.com\/ca\/producte\/arepas\/\" \/>\n<meta property=\"og:locale\" content=\"ca_ES\" \/>\n<meta property=\"og:type\" content=\"article\" \/>\n<meta property=\"og:title\" content=\"Arepas Venezolana Frita (Sin Gluten) - Q&#039;Pilar D&#039;Ana\" \/>\n<meta property=\"og:description\" content=\"Aut\u00e9ntica arepa venezolana, elaborada con masa de ma\u00edz precocida, es un disco dorado de masa de ma\u00edz cocida hasta lograr la textura crujiente por fuera y suave por dentro.  Sus rellenos con ingredientes tradicionales e innovadores que muestran\u00a0 historia y emociones del ser venezolano y despliegan las ra\u00edces multiculturales de la gastronom\u00eda de Venezuela.\" \/>\n<meta property=\"og:url\" content=\"https:\/\/qpilardana.com\/ca\/producte\/arepas\/\" \/>\n<meta property=\"og:site_name\" content=\"Q&#039;Pilar D&#039;Ana\" \/>\n<meta property=\"article:modified_time\" content=\"2026-01-19T23:45:40+00:00\" \/>\n<meta property=\"og:image\" content=\"https:\/\/qpilardana.com\/wp-content\/uploads\/2025\/02\/WhatsApp-Image-2025-05-14-at-18.09.14.jpeg\" \/>\n\t<meta property=\"og:image:width\" content=\"985\" \/>\n\t<meta property=\"og:image:height\" content=\"1280\" \/>\n\t<meta property=\"og:image:type\" content=\"image\/jpeg\" \/>\n<meta name=\"twitter:card\" content=\"summary_large_image\" \/>\n<meta name=\"twitter:label1\" content=\"Temps estimat de lectura\" \/>\n\t<meta name=\"twitter:data1\" content=\"1 minut\" \/>\n<script type=\"application\/ld+json\" class=\"yoast-schema-graph\">{\"@context\":\"https:\\\/\\\/schema.org\",\"@graph\":[{\"@type\":\"WebPage\",\"@id\":\"https:\\\/\\\/qpilardana.com\\\/producto\\\/arepas\\\/\",\"url\":\"https:\\\/\\\/qpilardana.com\\\/producto\\\/arepas\\\/\",\"name\":\"Arepas Venezolana Frita (Sin Gluten) - Q&#039;Pilar D&#039;Ana\",\"isPartOf\":{\"@id\":\"https:\\\/\\\/qpilardana.com\\\/#website\"},\"primaryImageOfPage\":{\"@id\":\"https:\\\/\\\/qpilardana.com\\\/producto\\\/arepas\\\/#primaryimage\"},\"image\":{\"@id\":\"https:\\\/\\\/qpilardana.com\\\/producto\\\/arepas\\\/#primaryimage\"},\"thumbnailUrl\":\"https:\\\/\\\/qpilardana.com\\\/wp-content\\\/uploads\\\/2025\\\/02\\\/WhatsApp-Image-2025-05-14-at-18.09.14.jpeg\",\"datePublished\":\"2025-02-07T16:45:36+00:00\",\"dateModified\":\"2026-01-19T23:45:40+00:00\",\"breadcrumb\":{\"@id\":\"https:\\\/\\\/qpilardana.com\\\/producto\\\/arepas\\\/#breadcrumb\"},\"inLanguage\":\"ca\",\"potentialAction\":[{\"@type\":\"ReadAction\",\"target\":[\"https:\\\/\\\/qpilardana.com\\\/producto\\\/arepas\\\/\"]}]},{\"@type\":\"ImageObject\",\"inLanguage\":\"ca\",\"@id\":\"https:\\\/\\\/qpilardana.com\\\/producto\\\/arepas\\\/#primaryimage\",\"url\":\"https:\\\/\\\/qpilardana.com\\\/wp-content\\\/uploads\\\/2025\\\/02\\\/WhatsApp-Image-2025-05-14-at-18.09.14.jpeg\",\"contentUrl\":\"https:\\\/\\\/qpilardana.com\\\/wp-content\\\/uploads\\\/2025\\\/02\\\/WhatsApp-Image-2025-05-14-at-18.09.14.jpeg\",\"width\":985,\"height\":1280},{\"@type\":\"BreadcrumbList\",\"@id\":\"https:\\\/\\\/qpilardana.com\\\/producto\\\/arepas\\\/#breadcrumb\",\"itemListElement\":[{\"@type\":\"ListItem\",\"position\":1,\"name\":\"Portada\",\"item\":\"https:\\\/\\\/qpilardana.com\\\/\"},{\"@type\":\"ListItem\",\"position\":2,\"name\":\"Tienda\",\"item\":\"https:\\\/\\\/qpilardana.com\\\/tienda\\\/\"},{\"@type\":\"ListItem\",\"position\":3,\"name\":\"Arepas Venezolana Frita (Sin Gluten)\"}]},{\"@type\":\"WebSite\",\"@id\":\"https:\\\/\\\/qpilardana.com\\\/#website\",\"url\":\"https:\\\/\\\/qpilardana.com\\\/\",\"name\":\"Q&#039;Pilar D&#039;Ana\",\"description\":\"\",\"publisher\":{\"@id\":\"https:\\\/\\\/qpilardana.com\\\/#organization\"},\"potentialAction\":[{\"@type\":\"SearchAction\",\"target\":{\"@type\":\"EntryPoint\",\"urlTemplate\":\"https:\\\/\\\/qpilardana.com\\\/?s={search_term_string}\"},\"query-input\":{\"@type\":\"PropertyValueSpecification\",\"valueRequired\":true,\"valueName\":\"search_term_string\"}}],\"inLanguage\":\"ca\"},{\"@type\":\"Organization\",\"@id\":\"https:\\\/\\\/qpilardana.com\\\/#organization\",\"name\":\"Q&#039;Pilar D&#039;Ana\",\"url\":\"https:\\\/\\\/qpilardana.com\\\/\",\"logo\":{\"@type\":\"ImageObject\",\"inLanguage\":\"ca\",\"@id\":\"https:\\\/\\\/qpilardana.com\\\/#\\\/schema\\\/logo\\\/image\\\/\",\"url\":\"https:\\\/\\\/qpilardana.com\\\/wp-content\\\/uploads\\\/2025\\\/02\\\/logo-cuadrado.png\",\"contentUrl\":\"https:\\\/\\\/qpilardana.com\\\/wp-content\\\/uploads\\\/2025\\\/02\\\/logo-cuadrado.png\",\"width\":1080,\"height\":1080,\"caption\":\"Q&#039;Pilar D&#039;Ana\"},\"image\":{\"@id\":\"https:\\\/\\\/qpilardana.com\\\/#\\\/schema\\\/logo\\\/image\\\/\"}}]}<\/script>\n<!-- \/ Yoast SEO plugin. -->","yoast_head_json":{"title":"Arepas Venezolana Frita (Sin Gluten) - Q&#039;Pilar D&#039;Ana","robots":{"index":"index","follow":"follow","max-snippet":"max-snippet:-1","max-image-preview":"max-image-preview:large","max-video-preview":"max-video-preview:-1"},"canonical":"https:\/\/qpilardana.com\/ca\/producte\/arepas\/","og_locale":"ca_ES","og_type":"article","og_title":"Arepas Venezolana Frita (Sin Gluten) - Q&#039;Pilar D&#039;Ana","og_description":"Aut\u00e9ntica arepa venezolana, elaborada con masa de ma\u00edz precocida, es un disco dorado de masa de ma\u00edz cocida hasta lograr la textura crujiente por fuera y suave por dentro.  Sus rellenos con ingredientes tradicionales e innovadores que muestran\u00a0 historia y emociones del ser venezolano y despliegan las ra\u00edces multiculturales de la gastronom\u00eda de Venezuela.","og_url":"https:\/\/qpilardana.com\/ca\/producte\/arepas\/","og_site_name":"Q&#039;Pilar D&#039;Ana","article_modified_time":"2026-01-19T23:45:40+00:00","og_image":[{"width":985,"height":1280,"url":"https:\/\/qpilardana.com\/wp-content\/uploads\/2025\/02\/WhatsApp-Image-2025-05-14-at-18.09.14.jpeg","type":"image\/jpeg"}],"twitter_card":"summary_large_image","twitter_misc":{"Temps estimat de lectura":"1 minut"},"schema":{"@context":"https:\/\/schema.org","@graph":[{"@type":"WebPage","@id":"https:\/\/qpilardana.com\/producto\/arepas\/","url":"https:\/\/qpilardana.com\/producto\/arepas\/","name":"Arepas Venezolana Frita (Sin Gluten) - Q&#039;Pilar D&#039;Ana","isPartOf":{"@id":"https:\/\/qpilardana.com\/#website"},"primaryImageOfPage":{"@id":"https:\/\/qpilardana.com\/producto\/arepas\/#primaryimage"},"image":{"@id":"https:\/\/qpilardana.com\/producto\/arepas\/#primaryimage"},"thumbnailUrl":"https:\/\/qpilardana.com\/wp-content\/uploads\/2025\/02\/WhatsApp-Image-2025-05-14-at-18.09.14.jpeg","datePublished":"2025-02-07T16:45:36+00:00","dateModified":"2026-01-19T23:45:40+00:00","breadcrumb":{"@id":"https:\/\/qpilardana.com\/producto\/arepas\/#breadcrumb"},"inLanguage":"ca","potentialAction":[{"@type":"ReadAction","target":["https:\/\/qpilardana.com\/producto\/arepas\/"]}]},{"@type":"ImageObject","inLanguage":"ca","@id":"https:\/\/qpilardana.com\/producto\/arepas\/#primaryimage","url":"https:\/\/qpilardana.com\/wp-content\/uploads\/2025\/02\/WhatsApp-Image-2025-05-14-at-18.09.14.jpeg","contentUrl":"https:\/\/qpilardana.com\/wp-content\/uploads\/2025\/02\/WhatsApp-Image-2025-05-14-at-18.09.14.jpeg","width":985,"height":1280},{"@type":"BreadcrumbList","@id":"https:\/\/qpilardana.com\/producto\/arepas\/#breadcrumb","itemListElement":[{"@type":"ListItem","position":1,"name":"Portada","item":"https:\/\/qpilardana.com\/"},{"@type":"ListItem","position":2,"name":"Tienda","item":"https:\/\/qpilardana.com\/tienda\/"},{"@type":"ListItem","position":3,"name":"Arepas Venezolana Frita (Sin Gluten)"}]},{"@type":"WebSite","@id":"https:\/\/qpilardana.com\/#website","url":"https:\/\/qpilardana.com\/","name":"Q&#039;Pilar D&#039;Ana","description":"","publisher":{"@id":"https:\/\/qpilardana.com\/#organization"},"potentialAction":[{"@type":"SearchAction","target":{"@type":"EntryPoint","urlTemplate":"https:\/\/qpilardana.com\/?s={search_term_string}"},"query-input":{"@type":"PropertyValueSpecification","valueRequired":true,"valueName":"search_term_string"}}],"inLanguage":"ca"},{"@type":"Organization","@id":"https:\/\/qpilardana.com\/#organization","name":"Q&#039;Pilar D&#039;Ana","url":"https:\/\/qpilardana.com\/","logo":{"@type":"ImageObject","inLanguage":"ca","@id":"https:\/\/qpilardana.com\/#\/schema\/logo\/image\/","url":"https:\/\/qpilardana.com\/wp-content\/uploads\/2025\/02\/logo-cuadrado.png","contentUrl":"https:\/\/qpilardana.com\/wp-content\/uploads\/2025\/02\/logo-cuadrado.png","width":1080,"height":1080,"caption":"Q&#039;Pilar D&#039;Ana"},"image":{"@id":"https:\/\/qpilardana.com\/#\/schema\/logo\/image\/"}}]}},"_links":{"self":[{"href":"https:\/\/qpilardana.com\/ca\/wp-json\/wp\/v2\/product\/200","targetHints":{"allow":["GET"]}}],"collection":[{"href":"https:\/\/qpilardana.com\/ca\/wp-json\/wp\/v2\/product"}],"about":[{"href":"https:\/\/qpilardana.com\/ca\/wp-json\/wp\/v2\/types\/product"}],"replies":[{"embeddable":true,"href":"https:\/\/qpilardana.com\/ca\/wp-json\/wp\/v2\/comments?post=200"}],"wp:featuredmedia":[{"embeddable":true,"href":"https:\/\/qpilardana.com\/ca\/wp-json\/wp\/v2\/media\/1051"}],"wp:attachment":[{"href":"https:\/\/qpilardana.com\/ca\/wp-json\/wp\/v2\/media?parent=200"}],"wp:term":[{"taxonomy":"product_brand","embeddable":true,"href":"https:\/\/qpilardana.com\/ca\/wp-json\/wp\/v2\/product_brand?post=200"},{"taxonomy":"product_cat","embeddable":true,"href":"https:\/\/qpilardana.com\/ca\/wp-json\/wp\/v2\/product_cat?post=200"},{"taxonomy":"product_tag","embeddable":true,"href":"https:\/\/qpilardana.com\/ca\/wp-json\/wp\/v2\/product_tag?post=200"}],"curies":[{"name":"wp","href":"https:\/\/api.w.org\/{rel}","templated":true}]}}